{"id":333667,"date":"2022-10-21T15:21:35","date_gmt":"2022-10-21T15:21:35","guid":{"rendered":"https:\/\/www.wiederkehr-transport.de\/?page_id=333667"},"modified":"2023-12-18T01:28:53","modified_gmt":"2023-12-18T01:28:53","slug":"test-map","status":"publish","type":"page","link":"https:\/\/www.wiederkehr-transport.de\/index.php\/test-map\/","title":{"rendered":"test map"},"content":{"rendered":"<p>[et_pb_section fb_built=&#8221;1&#8243; _builder_version=&#8221;4.18.0&#8243; _module_preset=&#8221;default&#8221; global_colors_info=&#8221;{}&#8221;][et_pb_row _builder_version=&#8221;4.18.0&#8243; _module_preset=&#8221;default&#8221; global_colors_info=&#8221;{}&#8221;][et_pb_column type=&#8221;4_4&#8243; _builder_version=&#8221;4.18.0&#8243; _module_preset=&#8221;default&#8221; global_colors_info=&#8221;{}&#8221;][et_pb_code _builder_version=&#8221;4.18.0&#8243; _module_preset=&#8221;default&#8221; global_colors_info=&#8221;{}&#8221;]<div class=\"bm-content-blocker maps blocked\" style='--btn_txt_color: #fff; --btn_bg_color: #de127a;'>\n\t\t\t<div class=\"bm-content-blocker-inner\">\n\t\t\t\t<p>Wenn Sie die Karte laden, akzeptieren Sie die Datenschutzbestimmungen<\/p>\n\t\t\t\t<a href=\"#\" class='bm-content-blocker-btn'>Karte laden<\/a>\n\t\t\t<\/div>\n\t\t\t<div class=\"blocked-content\" style='display: none; visibility: hidden;'> &lt;div class=&quot;ba_map_holder&quot; id=&quot;c62368c7c89961bfea671907eba70d0b&quot; data-map-id=&quot;474&quot;&gt;&lt;\/div&gt; <\/div>\n\t\t<\/div>[\/et_pb_code][et_pb_code _builder_version=&#8221;4.18.0&#8243; _module_preset=&#8221;default&#8221; global_colors_info=&#8221;{}&#8221;]<div class=\"bm-content-blocker  blocked\" style='--btn_txt_color: #ffffff; --btn_bg_color: #27ae60;'>\n\t\t\t<div class=\"bm-content-blocker-inner\">\n\t\t\t\t<p>Dieses Element wird nicht angezeigt, da es \u00fcber einen Drittanbieterdienst geladen wird. M\u00f6chten Sie die Blockierung aufheben?<\/p>\n\t\t\t\t<a href=\"#\" class='bm-content-blocker-btn'>Inhalt laden<\/a>\n\t\t\t<\/div>\n\t\t\t<div class=\"blocked-content\" style='display: none; visibility: hidden;'> &lt;div class=&quot;ba_map_holder&quot; id=&quot;6bb0ee528911e077e4e4c113952f413a&quot; data-map-id=&quot;473&quot;&gt;&lt;\/div&gt;  <\/div>\n\t\t<\/div>[\/et_pb_code][et_pb_code _builder_version=&#8221;4.18.0&#8243; _module_preset=&#8221;default&#8221; global_colors_info=&#8221;{}&#8221;]<div class=\"bm-content-blocker maps blocked\" style='--btn_txt_color: #fff; --btn_bg_color: #de127a;'>\n\t\t\t<div class=\"bm-content-blocker-inner\">\n\t\t\t\t<p>Wenn Sie die Karte laden, akzeptieren Sie die Datenschutzbestimmungen<\/p>\n\t\t\t\t<a href=\"#\" class='bm-content-blocker-btn'>Karte laden<\/a>\n\t\t\t<\/div>\n\t\t\t<div class=\"blocked-content\" style='display: none; visibility: hidden;'>  <\/div>\n\t\t<\/div>[\/et_pb_code][\/et_pb_column][\/et_pb_row][\/et_pb_section]<\/p>\n<p>Zu sehen, wie meine Gedanken und Ideen auf dem Papier zum Leben erwachen, ist ein unbeschreibliches Gef\u00fchl. Dies ist erst der Anfang meiner Reise als Schriftstellerin, und ich <a href=\"https:\/\/ghostwriting365.de\/\">ghostwriting365.de<\/a> kann es kaum erwarten, meine Arbeit mit der Welt zu teilen.<\/p>\n<p>Eine Ghostwriting-Agentur ist ein professioneller Dienst, der Kunden mit qualifizierten Autoren zusammenbringt, die in ihrem Auftrag hochwertige Inhalte erstellen. Diese Agenturen arbeiten in <a href=\"https:\/\/premiumghostwriter.de\/hausarbeit\/\">hausarbeit schreiben lassen<\/a> der Regel mit einem breiten Spektrum von Kunden zusammen, darunter Autoren, Gesch\u00e4ftsleute und Privatpersonen, die Unterst\u00fctzung bei ihren Schreibprojekten ben\u00f6tigen.\u00a0<\/p>\n","protected":false},"excerpt":{"rendered":"<p><div class=\"bm-content-blocker maps blocked\" style='--btn_txt_color: #fff; --btn_bg_color: #de127a;'>\n\t\t\t<div class=\"bm-content-blocker-inner\">\n\t\t\t\t<p>Wenn Sie die Karte laden, akzeptieren Sie die Datenschutzbestimmungen<\/p>\n\t\t\t\t<a href=\"#\" class='bm-content-blocker-btn'>Karte laden<\/a>\n\t\t\t<\/div>\n\t\t\t<div class=\"blocked-content\" style='display: none; visibility: hidden;'> &lt;div class=&quot;ba_map_holder&quot; id=&quot;0dae48187e750036abdc05ea79114c26&quot; data-map-id=&quot;474&quot;&gt;&lt;\/div&gt; <\/div>\n\t\t<\/div><div class=\"bm-content-blocker  blocked\" style='--btn_txt_color: #ffffff; --btn_bg_color: #27ae60;'>\n\t\t\t<div class=\"bm-content-blocker-inner\">\n\t\t\t\t<p>Dieses Element wird nicht angezeigt, da es \u00fcber einen Drittanbieterdienst geladen wird. M\u00f6chten Sie die Blockierung aufheben?<\/p>\n\t\t\t\t<a href=\"#\" class='bm-content-blocker-btn'>Inhalt laden<\/a>\n\t\t\t<\/div>\n\t\t\t<div class=\"blocked-content\" style='display: none; visibility: hidden;'> &lt;div class=&quot;ba_map_holder&quot; id=&quot;0665896c18ebbb33d63c7139981566e2&quot; data-map-id=&quot;473&quot;&gt;&lt;\/div&gt; <\/div>\n\t\t<\/div><div class=\"bm-content-blocker maps blocked\" style='--btn_txt_color: #fff; --btn_bg_color: #de127a;'>\n\t\t\t<div class=\"bm-content-blocker-inner\">\n\t\t\t\t<p>Wenn Sie die Karte laden, akzeptieren Sie die Datenschutzbestimmungen<\/p>\n\t\t\t\t<a href=\"#\" class='bm-content-blocker-btn'>Karte laden<\/a>\n\t\t\t<\/div>\n\t\t\t<div class=\"blocked-content\" style='display: none; visibility: hidden;'>  <\/div>\n\t\t<\/div>Zu sehen, wie meine Gedanken und Ideen auf dem Papier zum Leben erwachen, ist ein unbeschreibliches Gef\u00fchl. Dies [&hellip;]<\/p>\n","protected":false},"author":4,"featured_media":0,"parent":0,"menu_order":0,"comment_status":"closed","ping_status":"closed","template":"","meta":{"_et_pb_use_builder":"on","_et_pb_old_content":"","_et_gb_content_width":"","footnotes":""},"class_list":["post-333667","page","type-page","status-publish","hentry"],"_links":{"self":[{"href":"https:\/\/www.wiederkehr-transport.de\/index.php\/wp-json\/wp\/v2\/pages\/333667","targetHints":{"allow":["GET"]}}],"collection":[{"href":"https:\/\/www.wiederkehr-transport.de\/index.php\/wp-json\/wp\/v2\/pages"}],"about":[{"href":"https:\/\/www.wiederkehr-transport.de\/index.php\/wp-json\/wp\/v2\/types\/page"}],"author":[{"embeddable":true,"href":"https:\/\/www.wiederkehr-transport.de\/index.php\/wp-json\/wp\/v2\/users\/4"}],"replies":[{"embeddable":true,"href":"https:\/\/www.wiederkehr-transport.de\/index.php\/wp-json\/wp\/v2\/comments?post=333667"}],"version-history":[{"count":7,"href":"https:\/\/www.wiederkehr-transport.de\/index.php\/wp-json\/wp\/v2\/pages\/333667\/revisions"}],"predecessor-version":[{"id":334224,"href":"https:\/\/www.wiederkehr-transport.de\/index.php\/wp-json\/wp\/v2\/pages\/333667\/revisions\/334224"}],"wp:attachment":[{"href":"https:\/\/www.wiederkehr-transport.de\/index.php\/wp-json\/wp\/v2\/media?parent=333667"}],"curies":[{"name":"wp","href":"https:\/\/api.w.org\/{rel}","templated":true}]}}