{"id":521,"date":"2021-04-07T09:13:25","date_gmt":"2021-04-07T09:13:25","guid":{"rendered":"https:\/\/www.wiederkehr-transport.de\/?page_id=521"},"modified":"2022-10-27T08:27:40","modified_gmt":"2022-10-27T08:27:40","slug":"jobboerse","status":"publish","type":"page","link":"https:\/\/www.wiederkehr-transport.de\/index.php\/jobboerse\/","title":{"rendered":"Jobb\u00f6rse"},"content":{"rendered":"<p>[et_pb_section fb_built=&#8221;1&#8243; next_background_color=&#8221;#f9f9f9&#8243; disabled_on=&#8221;on|off|off&#8221; admin_label=&#8221;Headerbild&#8221; _builder_version=&#8221;4.16&#8243; _module_preset=&#8221;default&#8221; use_background_color_gradient=&#8221;on&#8221; background_color_gradient_stops=&#8221;rgba(0,0,0,0) 17%|rgba(255,255,255,0) 100%&#8221; background_color_gradient_overlays_image=&#8221;on&#8221; background_color_gradient_start=&#8221;rgba(0,0,0,0)&#8221; background_color_gradient_start_position=&#8221;17%&#8221; background_color_gradient_end=&#8221;rgba(255,255,255,0)&#8221; background_image=&#8221;https:\/\/www.wiederkehr-transport.de\/wp-content\/uploads\/2021\/04\/jobboerse-2.jpg&#8221; background_size=&#8221;contain&#8221; custom_margin=&#8221;||||false|false&#8221; custom_padding=&#8221;0px||23vw||false|false&#8221; bottom_divider_style=&#8221;arrow2&#8243; global_colors_info=&#8221;{}&#8221;][\/et_pb_section][et_pb_section fb_built=&#8221;1&#8243; admin_label=&#8221;Abschnitt Jobb\u00f6rse&#8221; _builder_version=&#8221;4.16&#8243; _module_preset=&#8221;default&#8221; background_color=&#8221;#f9f9f9&#8243; custom_margin=&#8221;||||false|false&#8221; custom_padding=&#8221;6vw||8vw||false|false&#8221; top_divider_color=&#8221;rgba(132,181,204,0.38)&#8221; top_divider_height=&#8221;116px&#8221; bottom_divider_color=&#8221;rgba(112,173,204,0.52)&#8221; global_colors_info=&#8221;{}&#8221;][et_pb_row admin_label=&#8221;Zeile mit Text&#8221; _builder_version=&#8221;4.16&#8243; _module_preset=&#8221;default&#8221; global_colors_info=&#8221;{}&#8221;][et_pb_column type=&#8221;4_4&#8243; _builder_version=&#8221;4.16&#8243; _module_preset=&#8221;default&#8221; global_colors_info=&#8221;{}&#8221;][dnxte_text_stroke dnxt_text_stroke_title=&#8221;Jobb\u00f6rse&#8221; dnxt_stroke_text_color=&#8221;#088ECD&#8221; dnxt_single_text_color=&#8221;off&#8221; dnxt_gradient_text_color=&#8221;on&#8221; dnxt_color_tab_gradient_one=&#8221;#088ECD&#8221; dnxt_color_tab_gradient_two=&#8221;#056abc&#8221; dnxt_text_select_hover_direction=&#8221;dnxt-hover-angle-animation&#8221; dnxt_hover_motion_duration=&#8221;0.9s&#8221; admin_label=&#8221;Jobb\u00f6rse&#8221; _builder_version=&#8221;4.16&#8243; _module_preset=&#8221;default&#8221; dnxt_stroke_fonts_font=&#8221;||||||||&#8221; dnxt_stroke_fonts_text_align=&#8221;center&#8221; dnxt_stroke_fonts_font_size=&#8221;54px&#8221; custom_margin=&#8221;-1px||-2vw||false|false&#8221; custom_padding=&#8221;0px|0px|0px|0px|false|false&#8221; global_colors_info=&#8221;{}&#8221;][\/dnxte_text_stroke][\/et_pb_column][\/et_pb_row][et_pb_row column_structure=&#8221;1_2,1_2&#8243; admin_label=&#8221;Box mit Kontaktformular&#8221; _builder_version=&#8221;4.16&#8243; _module_preset=&#8221;default&#8221; use_background_color_gradient=&#8221;on&#8221; background_color_gradient_type=&#8221;circular&#8221; background_color_gradient_direction_radial=&#8221;bottom right&#8221; background_color_gradient_stops=&#8221;#d8d8d8 53%|#088ecd 53%&#8221; background_color_gradient_start=&#8221;#d8d8d8&#8243; background_color_gradient_start_position=&#8221;52.8%&#8221; background_color_gradient_end=&#8221;#088ecd&#8221; background_color_gradient_end_position=&#8221;53%&#8221; background_image=&#8221;https:\/\/www.wiederkehr-transport.de\/wp-content\/uploads\/2021\/03\/church-04.jpg&#8221; background_blend=&#8221;multiply&#8221; width_tablet=&#8221;91%&#8221; width_phone=&#8221;&#8221; width_last_edited=&#8221;on|tablet&#8221; custom_margin=&#8221;2vw||||false|false&#8221; custom_padding=&#8221;1vw|1vw|1vw|1vw|true|true&#8221; box_shadow_style=&#8221;preset1&#8243; box_shadow_blur=&#8221;28px&#8221; box_shadow_spread=&#8221;-1px&#8221; global_colors_info=&#8221;{}&#8221;][et_pb_column type=&#8221;1_2&#8243; _builder_version=&#8221;4.16&#8243; _module_preset=&#8221;default&#8221; background_color=&#8221;rgba(0,0,0,0.12)&#8221; custom_padding=&#8221;1vw|1vw|1vw|1vw|true|true&#8221; global_colors_info=&#8221;{}&#8221;][et_pb_text admin_label=&#8221;AW Transport&#8221; _builder_version=&#8221;4.16&#8243; _module_preset=&#8221;default&#8221; text_font=&#8221;|600|||on||||&#8221; text_text_color=&#8221;#FFFFFF&#8221; text_font_size=&#8221;22px&#8221; custom_margin=&#8221;||||false|false&#8221; global_colors_info=&#8221;{}&#8221;]<\/p>\n<p>AW Transport GmbH<\/p>\n<p>[\/et_pb_text][et_pb_blurb title=&#8221;Adresse&#8221; use_icon=&#8221;on&#8221; font_icon=&#8221;&#xe081;||divi||400&#8243; icon_color=&#8221;#FFFFFF&#8221; icon_placement=&#8221;left&#8221; admin_label=&#8221;Adresse&#8221; _builder_version=&#8221;4.16&#8243; _module_preset=&#8221;default&#8221; header_font=&#8221;|600|||||||&#8221; header_text_color=&#8221;#FFFFFF&#8221; body_text_color=&#8221;#e5e5e5&#8243; global_colors_info=&#8221;{}&#8221;]<\/p>\n<p>Am Binsig 2<br \/>91352 Hallerndorf<\/p>\n<p>[\/et_pb_blurb][et_pb_blurb title=&#8221;Telefon&#8221; use_icon=&#8221;on&#8221; font_icon=&#8221;&#xe090;||divi||400&#8243; icon_color=&#8221;#FFFFFF&#8221; icon_placement=&#8221;left&#8221; admin_label=&#8221;Telefon&#8221; _builder_version=&#8221;4.16&#8243; _module_preset=&#8221;default&#8221; header_font=&#8221;|600|||||||&#8221; header_text_color=&#8221;#FFFFFF&#8221; body_text_color=&#8221;#e5e5e5&#8243; global_colors_info=&#8221;{}&#8221;]<\/p>\n<p>Tel. (0)9545-4410390<br \/>Fax (0)9545-4410391<\/p>\n<p>[\/et_pb_blurb][et_pb_blurb title=&#8221;E-Mail&#8221; use_icon=&#8221;on&#8221; font_icon=&#8221;&#xe076;||divi||400&#8243; icon_color=&#8221;#FFFFFF&#8221; icon_placement=&#8221;left&#8221; admin_label=&#8221;E-Mail&#8221; _builder_version=&#8221;4.16&#8243; _module_preset=&#8221;default&#8221; header_font=&#8221;|600|||||||&#8221; header_text_color=&#8221;#FFFFFF&#8221; body_text_color=&#8221;#e5e5e5&#8243; global_colors_info=&#8221;{}&#8221;]<\/p>\n<p>info@wiederkehr-transport.de<\/p>\n<p>[\/et_pb_blurb][et_pb_text admin_label=&#8221;Wiederkehr Transport GmbH&#8221; _builder_version=&#8221;4.16&#8243; _module_preset=&#8221;default&#8221; text_font=&#8221;|600|||on||||&#8221; text_text_color=&#8221;#FFFFFF&#8221; text_font_size=&#8221;22px&#8221; custom_margin=&#8221;3vw||||false|false&#8221; global_colors_info=&#8221;{}&#8221;]<\/p>\n<p>Wiederkehr Transport GmbH<\/p>\n<p>[\/et_pb_text][et_pb_blurb title=&#8221;Adresse&#8221; use_icon=&#8221;on&#8221; font_icon=&#8221;&#xe081;||divi||400&#8243; icon_color=&#8221;#FFFFFF&#8221; icon_placement=&#8221;left&#8221; admin_label=&#8221;Adresse&#8221; _builder_version=&#8221;4.16&#8243; _module_preset=&#8221;default&#8221; header_font=&#8221;|600|||||||&#8221; header_text_color=&#8221;#FFFFFF&#8221; body_text_color=&#8221;#e5e5e5&#8243; global_colors_info=&#8221;{}&#8221;]<\/p>\n<p>Porschestra\u00dfe 3<br \/>71254 Ditzingen<\/p>\n<p>[\/et_pb_blurb][et_pb_blurb title=&#8221;Telefon&#8221; use_icon=&#8221;on&#8221; font_icon=&#8221;&#xe090;||divi||400&#8243; icon_color=&#8221;#FFFFFF&#8221; icon_placement=&#8221;left&#8221; admin_label=&#8221;Telefon&#8221; _builder_version=&#8221;4.16&#8243; _module_preset=&#8221;default&#8221; header_font=&#8221;|600|||||||&#8221; header_text_color=&#8221;#FFFFFF&#8221; body_text_color=&#8221;#e5e5e5&#8243; global_colors_info=&#8221;{}&#8221;]<\/p>\n<p><span>Tel. (0)7156-3082703<\/span><br \/><span>Fax (0)7156-3082244<\/span><\/p>\n<p>[\/et_pb_blurb][et_pb_blurb title=&#8221;E-Mail&#8221; use_icon=&#8221;on&#8221; font_icon=&#8221;&#xe076;||divi||400&#8243; icon_color=&#8221;#FFFFFF&#8221; icon_placement=&#8221;left&#8221; admin_label=&#8221;E-Mail&#8221; _builder_version=&#8221;4.16&#8243; _module_preset=&#8221;default&#8221; header_font=&#8221;|600|||||||&#8221; header_text_color=&#8221;#FFFFFF&#8221; body_text_color=&#8221;#e5e5e5&#8243; global_colors_info=&#8221;{}&#8221;]<\/p>\n<div class=\"messagesWrapper-1sRNjr group-spacing-16\">\n<div class=\"scroller-2LSbBU auto-Ge5KZx scrollerBase-289Jih disableScrollAnchor-3V9UtP\" dir=\"ltr\" data-jump-section=\"global\" tabindex=\"-1\">\n<div class=\"scrollerContent-WzeG7R content-3YMskv\">\n<div class=\"scrollerInner-2YIMLh\" role=\"log\" aria-label=\"Nachrichten in wiederkehr-transporte\" aria-orientation=\"vertical\" data-list-id=\"chat-messages\" aria-live=\"off\" tabindex=\"0\">\n<div id=\"chat-messages-828963930247528449\" class=\"message-2qnXI6 cozyMessage-3V1Y8y groupStart-23k01U wrapper-2a6GCs cozy-3raOZG zalgo-jN1Ica\" role=\"listitem\" data-list-item-id=\"chat-messages___chat-messages-828963930247528449\" tabindex=\"-1\">\n<div class=\"contents-2mQqc9\" role=\"document\">\n<div class=\"markup-2BOw-j messageContent-2qWWxC\">c.ciftci@wiederkehr-transport.de<\/div>\n<\/div>\n<\/div>\n<\/div>\n<\/div>\n<\/div>\n<\/div>\n<p>[\/et_pb_blurb][\/et_pb_column][et_pb_column type=&#8221;1_2&#8243; _builder_version=&#8221;4.16&#8243; _module_preset=&#8221;default&#8221; custom_padding=&#8221;1vw|0.5vw|1vw|0.5vw|true|true&#8221; global_colors_info=&#8221;{}&#8221;][et_pb_text admin_label=&#8221;Zur Verst\u00e4rkung unseres Teams suchen wir:&#8221; _builder_version=&#8221;4.16&#8243; _module_preset=&#8221;default&#8221; text_font=&#8221;|600|||||||&#8221; text_text_color=&#8221;#FFFFFF&#8221; text_font_size=&#8221;22px&#8221; custom_margin=&#8221;||||false|false&#8221; global_colors_info=&#8221;{}&#8221;]<\/p>\n<p><span style=\"text-decoration: underline;\">Zur Verst\u00e4rkung unseres Teams suchen wir:<\/span><\/p>\n<p>[\/et_pb_text][et_pb_text admin_label=&#8221;- Auslieferungsfahrer &#8211; LKW-Fahrer &#8211; B\u00fcrofachkr\u00e4fte&#8221; _builder_version=&#8221;4.16&#8243; _module_preset=&#8221;default&#8221; text_font=&#8221;||||||||&#8221; text_text_color=&#8221;#FFFFFF&#8221; text_font_size=&#8221;18px&#8221; custom_margin=&#8221;||||false|false&#8221; global_colors_info=&#8221;{}&#8221;]<\/p>\n<p>&#8211; Auslieferungsfahrer<br \/>&#8211; LKW-Fahrer<br \/>&#8211; B\u00fcrofachkr\u00e4fte<\/p>\n<p>[\/et_pb_text][et_pb_text admin_label=&#8221;Ihre Stellenanfrage:&#8221; _builder_version=&#8221;4.16&#8243; _module_preset=&#8221;default&#8221; text_font=&#8221;|600|||||||&#8221; text_text_color=&#8221;#FFFFFF&#8221; text_font_size=&#8221;22px&#8221; custom_margin=&#8221;||||false|false&#8221; global_colors_info=&#8221;{}&#8221;]<\/p>\n<p>Ihre Stellenanfrage:<\/p>\n<p>[\/et_pb_text][et_pb_contact_form email=&#8221;info@wiederkehr-transport.de&#8221; custom_message=&#8221;Kontaktformular &#8211; Jobb\u00f6rse | Wiederkehr Transport GmbH||et_pb_line_break_holder||||et_pb_line_break_holder||Name: %%Name%%||et_pb_line_break_holder||E-Mail: %%Email%%||et_pb_line_break_holder||Telefon: %%Telefon%%||et_pb_line_break_holder||||et_pb_line_break_holder||Beruf: %%Job%%||et_pb_line_break_holder||||et_pb_line_break_holder||Nachricht:||et_pb_line_break_holder||%%Message%%&#8221; success_message=&#8221;Vielen Danke f\u00fcr Ihre Nachricht&#8221; _builder_version=&#8221;4.18.0&#8243; _module_preset=&#8221;default&#8221; _unique_id=&#8221;e6b83f83-fb35-4284-b950-7cb9a0209932&#8243; custom_button=&#8221;on&#8221; button_text_color=&#8221;#FFFFFF&#8221; button_bg_color=&#8221;#088ECD&#8221; button_border_width=&#8221;0px&#8221; custom_margin=&#8221;1vw||||false|false&#8221; hover_enabled=&#8221;0&#8243; box_shadow_style=&#8221;preset1&#8243; box_shadow_style_button=&#8221;preset1&#8243; global_colors_info=&#8221;{}&#8221; sticky_enabled=&#8221;0&#8243;][et_pb_contact_field field_id=&#8221;Name&#8221; field_title=&#8221;Name*&#8221; fullwidth_field=&#8221;on&#8221; _builder_version=&#8221;4.16&#8243; global_colors_info=&#8221;{}&#8221; button_text_size__hover_enabled=&#8221;off&#8221; button_one_text_size__hover_enabled=&#8221;off&#8221; button_two_text_size__hover_enabled=&#8221;off&#8221; button_text_color__hover_enabled=&#8221;off&#8221; button_one_text_color__hover_enabled=&#8221;off&#8221; button_two_text_color__hover_enabled=&#8221;off&#8221; button_border_width__hover_enabled=&#8221;off&#8221; button_one_border_width__hover_enabled=&#8221;off&#8221; button_two_border_width__hover_enabled=&#8221;off&#8221; button_border_color__hover_enabled=&#8221;off&#8221; button_one_border_color__hover_enabled=&#8221;off&#8221; button_two_border_color__hover_enabled=&#8221;off&#8221; button_border_radius__hover_enabled=&#8221;off&#8221; button_one_border_radius__hover_enabled=&#8221;off&#8221; button_two_border_radius__hover_enabled=&#8221;off&#8221; button_letter_spacing__hover_enabled=&#8221;off&#8221; button_one_letter_spacing__hover_enabled=&#8221;off&#8221; button_two_letter_spacing__hover_enabled=&#8221;off&#8221; button_bg_color__hover_enabled=&#8221;off&#8221; button_one_bg_color__hover_enabled=&#8221;off&#8221; button_two_bg_color__hover_enabled=&#8221;off&#8221;][\/et_pb_contact_field][et_pb_contact_field field_id=&#8221;Email&#8221; field_title=&#8221;E-Mail-Adresse*&#8221; field_type=&#8221;email&#8221; fullwidth_field=&#8221;on&#8221; _builder_version=&#8221;4.16&#8243; global_colors_info=&#8221;{}&#8221; button_text_size__hover_enabled=&#8221;off&#8221; button_one_text_size__hover_enabled=&#8221;off&#8221; button_two_text_size__hover_enabled=&#8221;off&#8221; button_text_color__hover_enabled=&#8221;off&#8221; button_one_text_color__hover_enabled=&#8221;off&#8221; button_two_text_color__hover_enabled=&#8221;off&#8221; button_border_width__hover_enabled=&#8221;off&#8221; button_one_border_width__hover_enabled=&#8221;off&#8221; button_two_border_width__hover_enabled=&#8221;off&#8221; button_border_color__hover_enabled=&#8221;off&#8221; button_one_border_color__hover_enabled=&#8221;off&#8221; button_two_border_color__hover_enabled=&#8221;off&#8221; button_border_radius__hover_enabled=&#8221;off&#8221; button_one_border_radius__hover_enabled=&#8221;off&#8221; button_two_border_radius__hover_enabled=&#8221;off&#8221; button_letter_spacing__hover_enabled=&#8221;off&#8221; button_one_letter_spacing__hover_enabled=&#8221;off&#8221; button_two_letter_spacing__hover_enabled=&#8221;off&#8221; button_bg_color__hover_enabled=&#8221;off&#8221; button_one_bg_color__hover_enabled=&#8221;off&#8221; button_two_bg_color__hover_enabled=&#8221;off&#8221;][\/et_pb_contact_field][et_pb_contact_field field_id=&#8221;Telefon&#8221; field_title=&#8221;Telefon*&#8221; required_mark=&#8221;off&#8221; fullwidth_field=&#8221;on&#8221; _builder_version=&#8221;4.16&#8243; global_colors_info=&#8221;{}&#8221; button_text_size__hover_enabled=&#8221;off&#8221; button_one_text_size__hover_enabled=&#8221;off&#8221; button_two_text_size__hover_enabled=&#8221;off&#8221; button_text_color__hover_enabled=&#8221;off&#8221; button_one_text_color__hover_enabled=&#8221;off&#8221; button_two_text_color__hover_enabled=&#8221;off&#8221; button_border_width__hover_enabled=&#8221;off&#8221; button_one_border_width__hover_enabled=&#8221;off&#8221; button_two_border_width__hover_enabled=&#8221;off&#8221; button_border_color__hover_enabled=&#8221;off&#8221; button_one_border_color__hover_enabled=&#8221;off&#8221; button_two_border_color__hover_enabled=&#8221;off&#8221; button_border_radius__hover_enabled=&#8221;off&#8221; button_one_border_radius__hover_enabled=&#8221;off&#8221; button_two_border_radius__hover_enabled=&#8221;off&#8221; button_letter_spacing__hover_enabled=&#8221;off&#8221; button_one_letter_spacing__hover_enabled=&#8221;off&#8221; button_two_letter_spacing__hover_enabled=&#8221;off&#8221; button_bg_color__hover_enabled=&#8221;off&#8221; button_one_bg_color__hover_enabled=&#8221;off&#8221; button_two_bg_color__hover_enabled=&#8221;off&#8221;][\/et_pb_contact_field][et_pb_contact_field field_id=&#8221;Job&#8221; field_title=&#8221;Welcher Job?*&#8221; field_type=&#8221;select&#8221; select_options=&#8221;%91{%22value%22:%22Auslieferungsfahrer%22,%22checked%22:0,%22dragID%22:-1},{%22value%22:%22LKW-Fahrer%22,%22checked%22:0,%22dragID%22:0},{%22value%22:%22B\u00fcrofachkraft%22,%22checked%22:0,%22dragID%22:1}%93&#8243; fullwidth_field=&#8221;on&#8221; _builder_version=&#8221;4.16&#8243; global_colors_info=&#8221;{}&#8221; button_text_size__hover_enabled=&#8221;off&#8221; button_one_text_size__hover_enabled=&#8221;off&#8221; button_two_text_size__hover_enabled=&#8221;off&#8221; button_text_color__hover_enabled=&#8221;off&#8221; button_one_text_color__hover_enabled=&#8221;off&#8221; button_two_text_color__hover_enabled=&#8221;off&#8221; button_border_width__hover_enabled=&#8221;off&#8221; button_one_border_width__hover_enabled=&#8221;off&#8221; button_two_border_width__hover_enabled=&#8221;off&#8221; button_border_color__hover_enabled=&#8221;off&#8221; button_one_border_color__hover_enabled=&#8221;off&#8221; button_two_border_color__hover_enabled=&#8221;off&#8221; button_border_radius__hover_enabled=&#8221;off&#8221; button_one_border_radius__hover_enabled=&#8221;off&#8221; button_two_border_radius__hover_enabled=&#8221;off&#8221; button_letter_spacing__hover_enabled=&#8221;off&#8221; button_one_letter_spacing__hover_enabled=&#8221;off&#8221; button_two_letter_spacing__hover_enabled=&#8221;off&#8221; button_bg_color__hover_enabled=&#8221;off&#8221; button_one_bg_color__hover_enabled=&#8221;off&#8221; button_two_bg_color__hover_enabled=&#8221;off&#8221;][\/et_pb_contact_field][et_pb_contact_field field_id=&#8221;Message&#8221; field_title=&#8221;Nachricht*&#8221; field_type=&#8221;text&#8221; fullwidth_field=&#8221;on&#8221; _builder_version=&#8221;4.16&#8243; global_colors_info=&#8221;{}&#8221; button_text_size__hover_enabled=&#8221;off&#8221; button_one_text_size__hover_enabled=&#8221;off&#8221; button_two_text_size__hover_enabled=&#8221;off&#8221; button_text_color__hover_enabled=&#8221;off&#8221; button_one_text_color__hover_enabled=&#8221;off&#8221; button_two_text_color__hover_enabled=&#8221;off&#8221; button_border_width__hover_enabled=&#8221;off&#8221; button_one_border_width__hover_enabled=&#8221;off&#8221; button_two_border_width__hover_enabled=&#8221;off&#8221; button_border_color__hover_enabled=&#8221;off&#8221; button_one_border_color__hover_enabled=&#8221;off&#8221; button_two_border_color__hover_enabled=&#8221;off&#8221; button_border_radius__hover_enabled=&#8221;off&#8221; button_one_border_radius__hover_enabled=&#8221;off&#8221; button_two_border_radius__hover_enabled=&#8221;off&#8221; button_letter_spacing__hover_enabled=&#8221;off&#8221; button_one_letter_spacing__hover_enabled=&#8221;off&#8221; button_two_letter_spacing__hover_enabled=&#8221;off&#8221; button_bg_color__hover_enabled=&#8221;off&#8221; button_one_bg_color__hover_enabled=&#8221;off&#8221; button_two_bg_color__hover_enabled=&#8221;off&#8221;][\/et_pb_contact_field][\/et_pb_contact_form][et_pb_image src=&#8221;https:\/\/www.wiederkehr-transport.de\/wp-content\/uploads\/2021\/03\/logo_wiederkehr-1.svg&#8221; title_text=&#8221;logo_wiederkehr&#8221; admin_label=&#8221;Logobild mit LKW&#8221; _builder_version=&#8221;4.16&#8243; _module_preset=&#8221;default&#8221; width=&#8221;62%&#8221; module_alignment=&#8221;right&#8221; custom_margin=&#8221;3vw||||false|false&#8221; animation_style=&#8221;slide&#8221; animation_direction=&#8221;left&#8221; global_colors_info=&#8221;{}&#8221;][\/et_pb_image][\/et_pb_column][\/et_pb_row][\/et_pb_section][et_pb_section fb_built=&#8221;1&#8243; admin_label=&#8221;Abschnitt Footer&#8221; _builder_version=&#8221;4.9.3&#8243; _module_preset=&#8221;default&#8221; background_color=&#8221;#dddddd&#8221; global_module=&#8221;590&#8243; saved_tabs=&#8221;all&#8221; global_colors_info=&#8221;{}&#8221;][et_pb_row column_structure=&#8221;1_3,1_3,1_3&#8243; admin_label=&#8221;Zeile mit Buttons&#8221; _builder_version=&#8221;4.16&#8243; _module_preset=&#8221;default&#8221; global_colors_info=&#8221;{}&#8221;][et_pb_column type=&#8221;1_3&#8243; _builder_version=&#8221;4.16&#8243; _module_preset=&#8221;default&#8221; global_colors_info=&#8221;{}&#8221;][dnxte_button button_text=&#8221;Jobb\u00f6rse&#8221; button_link=&#8221;@ET-DC@eyJkeW5hbWljIjp0cnVlLCJjb250ZW50IjoicG9zdF9saW5rX3VybF9wYWdlIiwic2V0dGluZ3MiOnsicG9zdF9pZCI6IjUyMSJ9fQ==@&#8221; dnxt_button_alignment=&#8221;center&#8221; btn_show_hide=&#8221;off&#8221; dnxt_hover_bg=&#8221;dnxt-hover-shutter-out-horizontal&#8221; dnxt_shutter_out_bg_color=&#8221;#088ECD&#8221; dnxt_hover_bg_color=&#8221;#FFFFFF&#8221; admin_label=&#8221;Button Jobb\u00f6rse&#8221; _builder_version=&#8221;4.16&#8243; _dynamic_attributes=&#8221;button_link&#8221; _module_preset=&#8221;default&#8221; btn_fonts_text_color=&#8221;#FFFFFF&#8221; global_colors_info=&#8221;{}&#8221; btn_fonts_text_color__hover_enabled=&#8221;on|hover&#8221; btn_fonts_text_color__hover=&#8221;#088ECD&#8221;][\/dnxte_button][\/et_pb_column][et_pb_column type=&#8221;1_3&#8243; _builder_version=&#8221;4.16&#8243; _module_preset=&#8221;default&#8221; global_colors_info=&#8221;{}&#8221;][dnxte_button button_text=&#8221;Impressum&#8221; button_link=&#8221;@ET-DC@eyJkeW5hbWljIjp0cnVlLCJjb250ZW50IjoicG9zdF9saW5rX3VybF9wYWdlIiwic2V0dGluZ3MiOnsicG9zdF9pZCI6IjU0MCJ9fQ==@&#8221; dnxt_button_alignment=&#8221;center&#8221; btn_show_hide=&#8221;off&#8221; dnxt_hover_bg=&#8221;dnxt-hover-shutter-out-horizontal&#8221; dnxt_shutter_out_bg_color=&#8221;#088ECD&#8221; dnxt_hover_bg_color=&#8221;#FFFFFF&#8221; admin_label=&#8221;Button Impressum&#8221; _builder_version=&#8221;4.16&#8243; _dynamic_attributes=&#8221;button_link&#8221; _module_preset=&#8221;default&#8221; btn_fonts_text_color=&#8221;#FFFFFF&#8221; global_colors_info=&#8221;{}&#8221; btn_fonts_text_color__hover_enabled=&#8221;on|hover&#8221; btn_fonts_text_color__hover=&#8221;#088ECD&#8221;][\/dnxte_button][\/et_pb_column][et_pb_column type=&#8221;1_3&#8243; _builder_version=&#8221;4.16&#8243; _module_preset=&#8221;default&#8221; global_colors_info=&#8221;{}&#8221;][dnxte_button button_text=&#8221;Datenschutz&#8221; button_link=&#8221;@ET-DC@eyJkeW5hbWljIjp0cnVlLCJjb250ZW50IjoicG9zdF9saW5rX3VybF9wYWdlIiwic2V0dGluZ3MiOnsicG9zdF9pZCI6IjU0NiJ9fQ==@&#8221; dnxt_button_alignment=&#8221;center&#8221; btn_show_hide=&#8221;off&#8221; dnxt_hover_bg=&#8221;dnxt-hover-shutter-out-horizontal&#8221; dnxt_shutter_out_bg_color=&#8221;#088ECD&#8221; dnxt_hover_bg_color=&#8221;#FFFFFF&#8221; admin_label=&#8221;Button Datenschutz&#8221; _builder_version=&#8221;4.16&#8243; _dynamic_attributes=&#8221;button_link&#8221; _module_preset=&#8221;default&#8221; btn_fonts_text_color=&#8221;#FFFFFF&#8221; global_colors_info=&#8221;{}&#8221; btn_fonts_text_color__hover_enabled=&#8221;on|hover&#8221; btn_fonts_text_color__hover=&#8221;#088ECD&#8221;][\/dnxte_button][\/et_pb_column][\/et_pb_row][\/et_pb_section]<\/p>\n","protected":false},"excerpt":{"rendered":"<p><div class=\"et_pb_module dnxte_text_stroke dnxte_text_stroke_0\">\n\t\t\t\t\n\t\t\t\t\n\t\t\t\t\n\t\t\t\t\n\t\t\t\t\n\t\t\t\t\n\t\t\t\t<div class=\"et_pb_module_inner\">\n\t\t\t\t\t<div class=\"dnxt-text-stroke-fill-wrapper\">\r\n\t\t\t\t<h2 class=\"dnxt-text-stroke-fill-main dnxt-text-stroke-angle\">\r\n\t\t\t\tJobb\u00f6rse<\/h2>\r\n\t\t\t<\/div>\n\t\t\t\t<\/div>\n\t\t\t<\/div>AW Transport GmbHAm Binsig 291352 HallerndorfTel. (0)9545-4410390Fax (0)9545-4410391info@wiederkehr-transport.deWiederkehr Transport GmbHPorschestra\u00dfe 371254 DitzingenTel. (0)7156-3082703Fax (0)7156-3082244 c.ciftci@wiederkehr-transport.de Zur Verst\u00e4rkung unseres Teams suchen wir:- Auslieferungsfahrer- LKW-Fahrer- B\u00fcrofachkr\u00e4fteIhre Stellenanfrage:<div class=\"et_pb_module dnxte_button dnxte_button_0\">\n\t\t\t\t\n\t\t\t\t\n\t\t\t\t\n\t\t\t\t\n\t\t\t\t\n\t\t\t\t\n\t\t\t\t<div class=\"et_pb_module_inner\">\n\t\t\t\t\t<div class=\"dnxt-button-wrapper dnxt_button_alignment_&#8221;center&#8221;\">\r\n\t\t\t\t<a class=\"dnxt-btn-icon  &#8221;dnxt-hover-shutter-out-horizontal&#8221;   \" href=\"http:\/\/&#8221;&#8221;\" target=\"_self\">&#8221;Jobb\u00f6rse&#8221;<i class=\"\">$<\/i><\/a>\r\n\t\t\t<\/div>\n\t\t\t\t<\/div>\n\t\t\t<\/div><\/p>\n","protected":false},"author":4,"featured_media":0,"parent":0,"menu_order":0,"comment_status":"closed","ping_status":"closed","template":"","meta":{"_et_pb_use_builder":"on","_et_pb_old_content":"","_et_gb_content_width":"","footnotes":""},"class_list":["post-521","page","type-page","status-publish","hentry"],"_links":{"self":[{"href":"https:\/\/www.wiederkehr-transport.de\/index.php\/wp-json\/wp\/v2\/pages\/521","targetHints":{"allow":["GET"]}}],"collection":[{"href":"https:\/\/www.wiederkehr-transport.de\/index.php\/wp-json\/wp\/v2\/pages"}],"about":[{"href":"https:\/\/www.wiederkehr-transport.de\/index.php\/wp-json\/wp\/v2\/types\/page"}],"author":[{"embeddable":true,"href":"https:\/\/www.wiederkehr-transport.de\/index.php\/wp-json\/wp\/v2\/users\/4"}],"replies":[{"embeddable":true,"href":"https:\/\/www.wiederkehr-transport.de\/index.php\/wp-json\/wp\/v2\/comments?post=521"}],"version-history":[{"count":21,"href":"https:\/\/www.wiederkehr-transport.de\/index.php\/wp-json\/wp\/v2\/pages\/521\/revisions"}],"predecessor-version":[{"id":333726,"href":"https:\/\/www.wiederkehr-transport.de\/index.php\/wp-json\/wp\/v2\/pages\/521\/revisions\/333726"}],"wp:attachment":[{"href":"https:\/\/www.wiederkehr-transport.de\/index.php\/wp-json\/wp\/v2\/media?parent=521"}],"curies":[{"name":"wp","href":"https:\/\/api.w.org\/{rel}","templated":true}]}}