{"id":540,"date":"2021-04-07T13:49:53","date_gmt":"2021-04-07T13:49:53","guid":{"rendered":"https:\/\/www.wiederkehr-transport.de\/?page_id=540"},"modified":"2026-03-27T11:22:53","modified_gmt":"2026-03-27T11:22:53","slug":"impressum","status":"publish","type":"page","link":"https:\/\/www.wiederkehr-transport.de\/index.php\/impressum\/","title":{"rendered":"Impressum"},"content":{"rendered":"<p>[et_pb_section fb_built=&#8221;1&#8243; next_background_color=&#8221;#f9f9f9&#8243; _builder_version=&#8221;4.16&#8243; _module_preset=&#8221;default&#8221; background_color=&#8221;RGBA(0,0,0,0)&#8221; use_background_color_gradient=&#8221;on&#8221; background_color_gradient_stops=&#8221;#088ecd 27%|rgba(255,255,255,0) 100%&#8221; background_color_gradient_start=&#8221;#088ecd&#8221; background_color_gradient_start_position=&#8221;27%&#8221; background_color_gradient_end=&#8221;rgba(255,255,255,0)&#8221; background_enable_image=&#8221;off&#8221; background_size=&#8221;initial&#8221; background_position=&#8221;bottom_center&#8221; custom_margin=&#8221;||||false|false&#8221; custom_padding=&#8221;||6vw||false|false&#8221; bottom_divider_style=&#8221;arrow2&#8243; background_last_edited=&#8221;on|tablet&#8221; background_size_tablet=&#8221;contain&#8221; global_colors_info=&#8221;{}&#8221;][\/et_pb_section][et_pb_section fb_built=&#8221;1&#8243; _builder_version=&#8221;4.16&#8243; _module_preset=&#8221;default&#8221; background_color=&#8221;#f9f9f9&#8243; custom_margin=&#8221;||||false|false&#8221; custom_padding=&#8221;0vw||8vw||false|false&#8221; top_divider_color=&#8221;rgba(132,181,204,0.38)&#8221; top_divider_height=&#8221;116px&#8221; bottom_divider_color=&#8221;rgba(112,173,204,0.52)&#8221; global_colors_info=&#8221;{}&#8221;][et_pb_row _builder_version=&#8221;4.16&#8243; _module_preset=&#8221;default&#8221; global_colors_info=&#8221;{}&#8221;][et_pb_column type=&#8221;4_4&#8243; _builder_version=&#8221;4.16&#8243; _module_preset=&#8221;default&#8221; global_colors_info=&#8221;{}&#8221;][dnxte_text_stroke dnxt_text_stroke_title=&#8221;Impressum&#8221; dnxt_stroke_text_color=&#8221;#088ECD&#8221; dnxt_single_text_color=&#8221;off&#8221; dnxt_gradient_text_color=&#8221;on&#8221; dnxt_color_tab_gradient_one=&#8221;#088ECD&#8221; dnxt_color_tab_gradient_two=&#8221;#056abc&#8221; dnxt_text_select_hover_direction=&#8221;dnxt-hover-angle-animation&#8221; dnxt_hover_motion_duration=&#8221;0.9s&#8221; _builder_version=&#8221;4.16&#8243; _module_preset=&#8221;default&#8221; dnxt_stroke_fonts_font=&#8221;||||||||&#8221; dnxt_stroke_fonts_text_align=&#8221;center&#8221; dnxt_stroke_fonts_font_size=&#8221;54px&#8221; custom_margin=&#8221;-1px||-2vw||false|false&#8221; custom_padding=&#8221;0px|0px|0px|0px|false|false&#8221; global_colors_info=&#8221;{}&#8221;][\/dnxte_text_stroke][\/et_pb_column][\/et_pb_row][et_pb_row column_structure=&#8221;1_2,1_2&#8243; _builder_version=&#8221;4.16&#8243; _module_preset=&#8221;default&#8221; use_background_color_gradient=&#8221;on&#8221; background_color_gradient_type=&#8221;circular&#8221; background_color_gradient_direction_radial=&#8221;bottom right&#8221; background_color_gradient_stops=&#8221;#d8d8d8 53%|#088ecd 53%&#8221; background_color_gradient_start=&#8221;#d8d8d8&#8243; background_color_gradient_start_position=&#8221;52.8%&#8221; background_color_gradient_end=&#8221;#088ecd&#8221; background_color_gradient_end_position=&#8221;53%&#8221; background_image=&#8221;https:\/\/www.wiederkehr-transport.de\/wp-content\/uploads\/2021\/03\/church-04.jpg&#8221; background_blend=&#8221;multiply&#8221; custom_margin=&#8221;2vw||||false|false&#8221; custom_padding=&#8221;1vw|1vw|1vw|1vw|true|true&#8221; box_shadow_style=&#8221;preset1&#8243; box_shadow_blur=&#8221;28px&#8221; box_shadow_spread=&#8221;-1px&#8221; global_colors_info=&#8221;{}&#8221;][et_pb_column type=&#8221;1_2&#8243; _builder_version=&#8221;4.16&#8243; _module_preset=&#8221;default&#8221; background_color=&#8221;rgba(0,0,0,0.12)&#8221; custom_padding=&#8221;1vw|1vw|1vw|1vw|true|true&#8221; global_colors_info=&#8221;{}&#8221;][et_pb_text _builder_version=&#8221;4.16&#8243; _module_preset=&#8221;default&#8221; text_font=&#8221;|600|||on||||&#8221; text_text_color=&#8221;#FFFFFF&#8221; text_font_size=&#8221;22px&#8221; custom_margin=&#8221;||||false|false&#8221; global_colors_info=&#8221;{}&#8221;]<\/p>\n<p>AW Transport GmbH<\/p>\n<p>[\/et_pb_text][et_pb_blurb title=&#8221;Verantwortlich&#8221; use_icon=&#8221;on&#8221; font_icon=&#8221;&#xe08a;||divi||400&#8243; icon_color=&#8221;#FFFFFF&#8221; icon_placement=&#8221;left&#8221; _builder_version=&#8221;4.27.4&#8243; _module_preset=&#8221;default&#8221; header_font=&#8221;|600|||||||&#8221; header_text_color=&#8221;#FFFFFF&#8221; body_text_color=&#8221;#e5e5e5&#8243; global_colors_info=&#8221;{}&#8221;]<\/p>\n<p>AW Transport GmbH<br \/>Andreas Wiederkehr<br \/>Am Binsig 2<br \/>91352 Hallerndorf<\/p>\n<p>[\/et_pb_blurb][et_pb_blurb title=&#8221;Kontakt:&#8221; use_icon=&#8221;on&#8221; font_icon=&#8221;&#xe090;||divi||400&#8243; icon_color=&#8221;#FFFFFF&#8221; icon_placement=&#8221;left&#8221; _builder_version=&#8221;4.27.5&#8243; _module_preset=&#8221;default&#8221; header_font=&#8221;|600|||||||&#8221; header_text_color=&#8221;#FFFFFF&#8221; body_text_color=&#8221;#e5e5e5&#8243; hover_enabled=&#8221;0&#8243; global_colors_info=&#8221;{}&#8221; sticky_enabled=&#8221;0&#8243;]<\/p>\n<p>Telefon: +499545-4410390<br \/>Telefax: +499545-4410391<br \/>Mobil: +49170-3210343<\/p>\n<p>E-Mail: <a href=\"mailto:info@wiederkehr-transport.de\">info@wiederkehr-transport.de<\/a><\/p>\n<p>Steuer.Nr.: 216\/121\/91759<\/p>\n<p>USt-IdNr.: DE349525510<\/p>\n<p>[\/et_pb_blurb][\/et_pb_column][et_pb_column type=&#8221;1_2&#8243; _builder_version=&#8221;4.16&#8243; _module_preset=&#8221;default&#8221; background_image=&#8221;https:\/\/www.wiederkehr-transport.de\/wp-content\/uploads\/2021\/03\/SmallLogo.png&#8221; background_size=&#8221;contain&#8221; background_position=&#8221;bottom_right&#8221; custom_padding=&#8221;1vw|0.5vw|1vw|0.5vw|true|true&#8221; global_colors_info=&#8221;{}&#8221;][et_pb_text _builder_version=&#8221;4.16&#8243; _module_preset=&#8221;default&#8221; global_colors_info=&#8221;{}&#8221;]<\/p>\n<p>&nbsp;<\/p>\n<p>&nbsp;<\/p>\n<p>&nbsp;<\/p>\n<p>&nbsp;<\/p>\n<p>&nbsp;<\/p>\n<p>&nbsp;<\/p>\n<p>&nbsp;<\/p>\n<p>&nbsp;<\/p>\n<p>&nbsp;<\/p>\n<p>&nbsp;<\/p>\n<p>&nbsp;<\/p>\n<p>&nbsp;<\/p>\n<p>[\/et_pb_text][\/et_pb_column][\/et_pb_row][et_pb_row column_structure=&#8221;1_2,1_2&#8243; _builder_version=&#8221;4.16&#8243; _module_preset=&#8221;default&#8221; use_background_color_gradient=&#8221;on&#8221; background_color_gradient_type=&#8221;circular&#8221; background_color_gradient_direction_radial=&#8221;bottom left&#8221; background_color_gradient_stops=&#8221;#d8d8d8 43%|#088ecd 43%&#8221; background_color_gradient_start=&#8221;#d8d8d8&#8243; background_color_gradient_start_position=&#8221;43.2%&#8221; background_color_gradient_end=&#8221;#088ecd&#8221; background_color_gradient_end_position=&#8221;43.4%&#8221; background_image=&#8221;https:\/\/www.wiederkehr-transport.de\/wp-content\/uploads\/2021\/03\/church-04.jpg&#8221; background_blend=&#8221;multiply&#8221; custom_margin=&#8221;2vw||||false|false&#8221; custom_padding=&#8221;1vw|1vw|1vw|1vw|true|true&#8221; box_shadow_style=&#8221;preset1&#8243; box_shadow_blur=&#8221;28px&#8221; box_shadow_spread=&#8221;-1px&#8221; global_colors_info=&#8221;{}&#8221;][et_pb_column type=&#8221;1_2&#8243; _builder_version=&#8221;4.16&#8243; _module_preset=&#8221;default&#8221; background_enable_color=&#8221;off&#8221; background_image=&#8221;https:\/\/www.wiederkehr-transport.de\/wp-content\/uploads\/2021\/03\/SmallLogo.png&#8221; background_size=&#8221;contain&#8221; background_position=&#8221;bottom_left&#8221; custom_padding=&#8221;1vw|1vw|1vw|1vw|true|true&#8221; global_colors_info=&#8221;{}&#8221;][et_pb_text disabled_on=&#8221;on|on|off&#8221; _builder_version=&#8221;4.16&#8243; _module_preset=&#8221;default&#8221; global_colors_info=&#8221;{}&#8221;]<\/p>\n<p>&nbsp;<\/p>\n<p>&nbsp;<\/p>\n<p>&nbsp;<\/p>\n<p>&nbsp;<\/p>\n<p>&nbsp;<\/p>\n<p>&nbsp;<\/p>\n<p>&nbsp;<\/p>\n<p>&nbsp;<\/p>\n<p>&nbsp;<\/p>\n<p>&nbsp;<\/p>\n<p>&nbsp;<\/p>\n<p>&nbsp;<\/p>\n<p>&nbsp;<\/p>\n<p>&nbsp;<\/p>\n<p>&nbsp;<\/p>\n<p>[\/et_pb_text][\/et_pb_column][et_pb_column type=&#8221;1_2&#8243; _builder_version=&#8221;4.16&#8243; _module_preset=&#8221;default&#8221; background_color=&#8221;rgba(0,0,0,0.12)&#8221; background_enable_image=&#8221;off&#8221; background_size=&#8221;contain&#8221; background_position=&#8221;bottom_right&#8221; custom_padding=&#8221;1vw|0.5vw|1vw|0.5vw|true|true&#8221; global_colors_info=&#8221;{}&#8221;][et_pb_text _builder_version=&#8221;4.16&#8243; _module_preset=&#8221;default&#8221; text_font=&#8221;|600|||on||||&#8221; text_text_color=&#8221;#FFFFFF&#8221; text_font_size=&#8221;22px&#8221; custom_margin=&#8221;||||false|false&#8221; global_colors_info=&#8221;{}&#8221;]<\/p>\n<p>Wiederkehr Transport GmbH<\/p>\n<p>[\/et_pb_text][et_pb_blurb title=&#8221;Verantwortlich:&#8221; use_icon=&#8221;on&#8221; font_icon=&#8221;&#xe08a;||divi||400&#8243; icon_color=&#8221;#FFFFFF&#8221; icon_placement=&#8221;left&#8221; _builder_version=&#8221;4.27.4&#8243; _module_preset=&#8221;default&#8221; header_font=&#8221;|600|||||||&#8221; header_text_color=&#8221;#FFFFFF&#8221; body_text_color=&#8221;#e5e5e5&#8243; global_colors_info=&#8221;{}&#8221;]<\/p>\n<p>Wiederkehr Transport GmbH<br \/>Andreas Wiederkehr<br \/>Pautzfelder Str. 16<br \/>91352 Hallerndorf<\/p>\n<p><strong>Zweigniederlassung:<\/strong><br \/>Porschestra\u00dfe 3, 71254 Ditzingen<\/p>\n<p>[\/et_pb_blurb][et_pb_blurb title=&#8221;Kontakt:&#8221; use_icon=&#8221;on&#8221; font_icon=&#8221;&#xe090;||divi||400&#8243; icon_color=&#8221;#FFFFFF&#8221; icon_placement=&#8221;left&#8221; _builder_version=&#8221;4.16&#8243; _module_preset=&#8221;default&#8221; header_font=&#8221;|600|||||||&#8221; header_text_color=&#8221;#FFFFFF&#8221; body_text_color=&#8221;#e5e5e5&#8243; global_colors_info=&#8221;{}&#8221;]<\/p>\n<p>Telefon: +499545-4410390<br \/>Telefax: +499545-4410391<br \/>Mobil: +49170-3210343<br \/>E-Mail: info@wiederkehr-transport.de<\/p>\n<p>[\/et_pb_blurb][et_pb_blurb title=&#8221;Gesellschafter&#8221; use_icon=&#8221;on&#8221; font_icon=&#8221;&#xe08b;||divi||400&#8243; icon_color=&#8221;#FFFFFF&#8221; icon_placement=&#8221;left&#8221; _builder_version=&#8221;4.16&#8243; _module_preset=&#8221;default&#8221; header_font=&#8221;|600|||||||&#8221; header_text_color=&#8221;#FFFFFF&#8221; body_text_color=&#8221;#e5e5e5&#8243; global_colors_info=&#8221;{}&#8221;]<\/p>\n<p>Andreas Wiederkehr<br \/>Hasan G\u00fcn<br \/>USt-IdNr.: DE 244444096<br \/>Steuer.Nr.: 216\/142\/40250<\/p>\n<p>[\/et_pb_blurb][\/et_pb_column][\/et_pb_row][et_pb_row _builder_version=&#8221;4.16&#8243; _module_preset=&#8221;default&#8221; use_background_color_gradient=&#8221;on&#8221; background_color_gradient_type=&#8221;circular&#8221; background_color_gradient_direction_radial=&#8221;bottom left&#8221; background_color_gradient_stops=&#8221;#d8d8d8 0%|#088ecd 0%&#8221; background_color_gradient_start=&#8221;#d8d8d8&#8243; background_color_gradient_end=&#8221;#088ecd&#8221; background_color_gradient_end_position=&#8221;0%&#8221; background_image=&#8221;https:\/\/www.wiederkehr-transport.de\/wp-content\/uploads\/2021\/03\/church-04.jpg&#8221; background_blend=&#8221;multiply&#8221; custom_margin=&#8221;2vw||||false|false&#8221; custom_padding=&#8221;1vw|1vw|1vw|1vw|true|true&#8221; box_shadow_style=&#8221;preset1&#8243; box_shadow_blur=&#8221;28px&#8221; box_shadow_spread=&#8221;-1px&#8221; global_colors_info=&#8221;{}&#8221;][et_pb_column type=&#8221;4_4&#8243; _builder_version=&#8221;4.16&#8243; _module_preset=&#8221;default&#8221; background_color=&#8221;rgba(0,0,0,0.12)&#8221; background_enable_image=&#8221;off&#8221; background_size=&#8221;contain&#8221; background_position=&#8221;bottom_right&#8221; custom_padding=&#8221;1vw|0.5vw|1vw|0.5vw|true|true&#8221; global_colors_info=&#8221;{}&#8221;][et_pb_text _builder_version=&#8221;4.16&#8243; _module_preset=&#8221;default&#8221; text_font=&#8221;|600|||on||||&#8221; text_text_color=&#8221;#FFFFFF&#8221; text_font_size=&#8221;22px&#8221; custom_margin=&#8221;||||false|false&#8221; global_colors_info=&#8221;{}&#8221;]<\/p>\n<p>Aufsichtsbeh\u00f6rden<\/p>\n<p>[\/et_pb_text][et_pb_text _builder_version=&#8221;4.16&#8243; _module_preset=&#8221;default&#8221; text_text_color=&#8221;#FFFFFF&#8221; global_colors_info=&#8221;{}&#8221;]<\/p>\n<p>Bundesamt f\u00fcr G\u00fcterverkehr, Landratsamt Forchheim, Stra\u00dfenverkehrswesen<br \/>(G\u00fcterverkehrserlaubnis und EU\/Lizenzen) sowie die Regierung von Oberfranken,<br \/>Gewerbeaufsichtsamt Coburg<\/p>\n<p>Copyright by Firma Wiederkehr<\/p>\n<p>Alle Rechte vorbehalten. Die auf der Website verwendeten Texte, Bilder, Grafiken, Dateien<br \/>usw. unterliegen dem Urheberrecht und anderen Gesetzen zum Schutz des geistigen<br \/>Eigentums. Ihre Weitergabe, Ver\u00e4nderung, gewerbliche Nutzung oder Verwendung in<br \/>anderen Websites oder Medien ist nicht gestattet.<\/p>\n<p>[\/et_pb_text][\/et_pb_column][\/et_pb_row][\/et_pb_section][et_pb_section fb_built=&#8221;1&#8243; admin_label=&#8221;Abschnitt Footer&#8221; _builder_version=&#8221;4.9.3&#8243; _module_preset=&#8221;default&#8221; background_color=&#8221;#dddddd&#8221; global_module=&#8221;590&#8243; saved_tabs=&#8221;all&#8221; global_colors_info=&#8221;{}&#8221;][et_pb_row column_structure=&#8221;1_3,1_3,1_3&#8243; admin_label=&#8221;Zeile mit Buttons&#8221; _builder_version=&#8221;4.16&#8243; _module_preset=&#8221;default&#8221; global_colors_info=&#8221;{}&#8221;][et_pb_column type=&#8221;1_3&#8243; _builder_version=&#8221;4.16&#8243; _module_preset=&#8221;default&#8221; global_colors_info=&#8221;{}&#8221;][dnxte_button button_text=&#8221;Jobb\u00f6rse&#8221; button_link=&#8221;@ET-DC@eyJkeW5hbWljIjp0cnVlLCJjb250ZW50IjoicG9zdF9saW5rX3VybF9wYWdlIiwic2V0dGluZ3MiOnsicG9zdF9pZCI6IjUyMSJ9fQ==@&#8221; dnxt_button_alignment=&#8221;center&#8221; btn_show_hide=&#8221;off&#8221; dnxt_hover_bg=&#8221;dnxt-hover-shutter-out-horizontal&#8221; dnxt_shutter_out_bg_color=&#8221;#088ECD&#8221; dnxt_hover_bg_color=&#8221;#FFFFFF&#8221; admin_label=&#8221;Button Jobb\u00f6rse&#8221; _builder_version=&#8221;4.27.2&#8243; _dynamic_attributes=&#8221;button_link&#8221; _module_preset=&#8221;default&#8221; btn_fonts_text_color=&#8221;#FFFFFF&#8221; global_colors_info=&#8221;{}&#8221; btn_fonts_text_color__hover_enabled=&#8221;on|hover&#8221; btn_fonts_text_color__hover=&#8221;#088ECD&#8221;][\/dnxte_button][\/et_pb_column][et_pb_column type=&#8221;1_3&#8243; _builder_version=&#8221;4.16&#8243; _module_preset=&#8221;default&#8221; global_colors_info=&#8221;{}&#8221;][dnxte_button button_text=&#8221;Impressum&#8221; button_link=&#8221;@ET-DC@eyJkeW5hbWljIjp0cnVlLCJjb250ZW50IjoicG9zdF9saW5rX3VybF9wYWdlIiwic2V0dGluZ3MiOnsicG9zdF9pZCI6IjU0MCJ9fQ==@&#8221; dnxt_button_alignment=&#8221;center&#8221; btn_show_hide=&#8221;off&#8221; dnxt_hover_bg=&#8221;dnxt-hover-shutter-out-horizontal&#8221; dnxt_shutter_out_bg_color=&#8221;#088ECD&#8221; dnxt_hover_bg_color=&#8221;#FFFFFF&#8221; admin_label=&#8221;Button Impressum&#8221; _builder_version=&#8221;4.16&#8243; _dynamic_attributes=&#8221;button_link&#8221; _module_preset=&#8221;default&#8221; btn_fonts_text_color=&#8221;#FFFFFF&#8221; global_colors_info=&#8221;{}&#8221; btn_fonts_text_color__hover_enabled=&#8221;on|hover&#8221; btn_fonts_text_color__hover=&#8221;#088ECD&#8221;][\/dnxte_button][\/et_pb_column][et_pb_column type=&#8221;1_3&#8243; _builder_version=&#8221;4.16&#8243; _module_preset=&#8221;default&#8221; global_colors_info=&#8221;{}&#8221;][dnxte_button button_text=&#8221;Datenschutz&#8221; button_link=&#8221;@ET-DC@eyJkeW5hbWljIjp0cnVlLCJjb250ZW50IjoicG9zdF9saW5rX3VybF9wYWdlIiwic2V0dGluZ3MiOnsicG9zdF9pZCI6IjU0NiJ9fQ==@&#8221; dnxt_button_alignment=&#8221;center&#8221; btn_show_hide=&#8221;off&#8221; dnxt_hover_bg=&#8221;dnxt-hover-shutter-out-horizontal&#8221; dnxt_shutter_out_bg_color=&#8221;#088ECD&#8221; dnxt_hover_bg_color=&#8221;#FFFFFF&#8221; admin_label=&#8221;Button Datenschutz&#8221; _builder_version=&#8221;4.16&#8243; _dynamic_attributes=&#8221;button_link&#8221; _module_preset=&#8221;default&#8221; btn_fonts_text_color=&#8221;#FFFFFF&#8221; global_colors_info=&#8221;{}&#8221; btn_fonts_text_color__hover_enabled=&#8221;on|hover&#8221; btn_fonts_text_color__hover=&#8221;#088ECD&#8221;][\/dnxte_button][\/et_pb_column][\/et_pb_row][\/et_pb_section]<\/p>\n","protected":false},"excerpt":{"rendered":"<p><div class=\"et_pb_module dnxte_text_stroke dnxte_text_stroke_0\">\n\t\t\t\t\n\t\t\t\t\n\t\t\t\t\n\t\t\t\t\n\t\t\t\t\n\t\t\t\t\n\t\t\t\t<div class=\"et_pb_module_inner\">\n\t\t\t\t\t<div class=\"dnxt-text-stroke-fill-wrapper\">\r\n\t\t\t\t<h2 class=\"dnxt-text-stroke-fill-main dnxt-text-stroke-angle\">\r\n\t\t\t\tImpressum<\/h2>\r\n\t\t\t<\/div>\n\t\t\t\t<\/div>\n\t\t\t<\/div>AW Transport GmbHAW Transport GmbHAndreas WiederkehrAm Binsig 291352 HallerndorfTelefon: +499545-4410390Telefax: +499545-4410391Mobil: +49170-3210343 E-Mail: info@wiederkehr-transport.de Steuer.Nr.: 216\/121\/91759 USt-IdNr.: DE349525510&nbsp; &nbsp; &nbsp; &nbsp; &nbsp; &nbsp; &nbsp; &nbsp; &nbsp; &nbsp; &nbsp; &nbsp;&nbsp; &nbsp; &nbsp; &nbsp; &nbsp; &nbsp; &nbsp; &nbsp; &nbsp; &nbsp; &nbsp; [&hellip;]<\/p>\n","protected":false},"author":4,"featured_media":0,"parent":0,"menu_order":0,"comment_status":"closed","ping_status":"closed","template":"","meta":{"_et_pb_use_builder":"on","_et_pb_old_content":"","_et_gb_content_width":"","footnotes":""},"class_list":["post-540","page","type-page","status-publish","hentry"],"_links":{"self":[{"href":"https:\/\/www.wiederkehr-transport.de\/index.php\/wp-json\/wp\/v2\/pages\/540","targetHints":{"allow":["GET"]}}],"collection":[{"href":"https:\/\/www.wiederkehr-transport.de\/index.php\/wp-json\/wp\/v2\/pages"}],"about":[{"href":"https:\/\/www.wiederkehr-transport.de\/index.php\/wp-json\/wp\/v2\/types\/page"}],"author":[{"embeddable":true,"href":"https:\/\/www.wiederkehr-transport.de\/index.php\/wp-json\/wp\/v2\/users\/4"}],"replies":[{"embeddable":true,"href":"https:\/\/www.wiederkehr-transport.de\/index.php\/wp-json\/wp\/v2\/comments?post=540"}],"version-history":[{"count":22,"href":"https:\/\/www.wiederkehr-transport.de\/index.php\/wp-json\/wp\/v2\/pages\/540\/revisions"}],"predecessor-version":[{"id":340125,"href":"https:\/\/www.wiederkehr-transport.de\/index.php\/wp-json\/wp\/v2\/pages\/540\/revisions\/340125"}],"wp:attachment":[{"href":"https:\/\/www.wiederkehr-transport.de\/index.php\/wp-json\/wp\/v2\/media?parent=540"}],"curies":[{"name":"wp","href":"https:\/\/api.w.org\/{rel}","templated":true}]}}